{"id":49,"date":"2021-07-20T06:26:06","date_gmt":"2021-07-20T06:26:06","guid":{"rendered":"https:\/\/www.villa-romeo.de\/?page_id=49"},"modified":"2021-07-29T05:45:50","modified_gmt":"2021-07-29T05:45:50","slug":"booking","status":"publish","type":"page","link":"https:\/\/www.villa-romeo.de\/index.php\/booking\/","title":{"rendered":"Booking"},"content":{"rendered":"<p><label>Details<\/label><\/p>\n<p>10 Kw\/h Strom inklusive. Danach 0,35\u20ac pro Kw\/h<br \/>\nEs ist erforderlich, bei Anreise eine Kaution in H\u00f6he von 200 Euro in bar zu hinterlegen. Nach der ordnungsgem\u00e4\u00dfen Abnahme am Ende der Mietperiode, wird diese Kaution, sofern keine Sch\u00e4den und\/oder M\u00e4ngel festgestellt wurden, zur\u00fcck erstattet. Bei Zuwiderhandlungen der Mietbedingungen erfolgt eine Aufrechnung der Kaution.<\/p>\n<p>Die Abreise muss aus organisatorischen Gr\u00fcnden bis 10 Uhr erfolgt sein, die Anreise ist nicht vor 16 Uhr m\u00f6glich. Ausnahmen nur nach vorheriger Absprache und schriftlicher Best\u00e4tigung m\u00f6glich. Die Schl\u00fcssel\u00fcbergabe erfolgt vor Ort.<\/p>\n<p>&nbsp;<\/p>\n<p>&nbsp;<\/p>\n<p>&nbsp;<\/p>\n<p><script src=\"https:\/\/code.jquery.com\/jquery-1.11.2.min.js\"><\/script><script src=\"https:\/\/code.jquery.com\/ui\/1.11.2\/jquery-ui.min.js\"><\/script><script>\n      $(function() {\n         $('#Anreise').datepicker({\n       prevText: '&#x3c;zur\u00fcck', prevStatus: '',\n        prevJumpText: '&#x3c;&#x3c;', prevJumpStatus: '',\n        nextText: 'Vor&#x3e;', nextStatus: '',\n        nextJumpText: '&#x3e;&#x3e;', nextJumpStatus: '',\n        currentText: 'heute', currentStatus: '',\n        todayText: 'heute', todayStatus: '',\n        clearText: '-', clearStatus: '',\n        closeText: 'schlie\u00dfen', closeStatus: '',\n        monthNames: ['Januar','Februar','M\u00e4rz','April','Mai','Juni',\n'Juli','August','September','Oktober','November','Dezember'],\n        monthNamesShort: ['Jan','Feb','M\u00e4r','Apr','Mai',\n'Jun','Jul','Aug','Sep','Okt','Nov','Dez'],\n        dayNames: ['Sonntag','Montag','Dienstag','Mittwoch','Donnerstag','Freitag','Samstag'],\n        dayNamesShort: ['So','Mo','Di','Mi','Do','Fr','Sa'],\n        dayNamesMin: ['So','Mo','Di','Mi','Do','Fr','Sa'],\n        showMonthAfterYear: false,\n        changeMonth: true,\n        changeYear: true,   \n        yearRange: \"2021:2026\",   \n        dateFormat:'dd.mm.yy'\n    } \n  );<\/p>\n<p> $('#Abreise').datepicker({\n       prevText: '&#x3c;zur\u00fcck', prevStatus: '',\n        prevJumpText: '&#x3c;&#x3c;', prevJumpStatus: '',\n        nextText: 'Vor&#x3e;', nextStatus: '',\n        nextJumpText: '&#x3e;&#x3e;', nextJumpStatus: '',\n        currentText: 'heute', currentStatus: '',\n        todayText: 'heute', todayStatus: '',\n        clearText: '-', clearStatus: '',\n        closeText: 'schlie\u00dfen', closeStatus: '',\n        monthNames: ['Januar','Februar','M\u00e4rz','April','Mai','Juni',\n'Juli','August','September','Oktober','November','Dezember'],\n        monthNamesShort: ['Jan','Feb','M\u00e4r','Apr','Mai',\n'Jun','Jul','Aug','Sep','Okt','Nov','Dez'],\n        dayNames: ['Sonntag','Montag','Dienstag','Mittwoch','Donnerstag','Freitag','Samstag'],\n        dayNamesShort: ['So','Mo','Di','Mi','Do','Fr','Sa'],\n        dayNamesMin: ['So','Mo','Di','Mi','Do','Fr','Sa'],\n        showMonthAfterYear: false,\n        changeMonth: true,\n        changeYear: true,   \n        yearRange: \"2021:2026\",   \n        dateFormat:'dd.mm.yy'\n    } \n  );<\/p>\n<p>      });\n    <\/script><\/p>\n<style type=\"text\/css\">\n<!--    \nbody { background-color:#FFFFFF; color:#000000; font-family: Arial,Helvetica,Geneva; font-size: 12pt; }\nh1 { color:#000000; font-family:Arial,Helvetica,Geneva; font-size:18pt; }\np,li { color:#000000; font-family:Arial,Helvetica,Geneva; font-size:12pt; }\n.control-label { color:#000000; font-family:Arial,Helvetica,Geneva; font-size:12pt; }\n\n\/* Interaction Cues\n----------------------------------*\/\n.ui-state-disabled {\n\tcursor: default !important;\n}\n\n\n\/* Icons\n----------------------------------*\/\n\n\/* states and images *\/\n.ui-icon {\n\tdisplay: block;\n\ttext-indent: -99999px;\n\toverflow: hidden;\n\tbackground-repeat: no-repeat;\n}\n\n\n\/* Misc visuals\n----------------------------------*\/\n\n\/* Overlays *\/\n.ui-widget-overlay {\n\tposition: fixed;\n\ttop: 0;\n\tleft: 0;\n\twidth: 100%;\n\theight: 100%;\n}\n.ui-datepicker {\n\twidth: 17em;\n\tpadding: .2em .2em 0;\n\tdisplay: none;\n}\n.ui-datepicker .ui-datepicker-header {\n\tposition: relative;\n\tpadding: .2em 0;\n}\n.ui-datepicker .ui-datepicker-prev,\n.ui-datepicker .ui-datepicker-next {\n\tposition: absolute;\n\ttop: 2px;\n\twidth: 1.8em;\n\theight: 1.8em;\n}\n.ui-datepicker .ui-datepicker-prev-hover,\n.ui-datepicker .ui-datepicker-next-hover {\n\ttop: 1px;\n}\n.ui-datepicker .ui-datepicker-prev {\n\tleft: 2px;\n}\n.ui-datepicker .ui-datepicker-next {\n\tright: 2px;\n}\n.ui-datepicker .ui-datepicker-prev-hover {\n\tleft: 1px;\n}\n.ui-datepicker .ui-datepicker-next-hover {\n\tright: 1px;\n}\n.ui-datepicker .ui-datepicker-prev span,\n.ui-datepicker .ui-datepicker-next span {\n\tdisplay: block;\n\tposition: absolute;\n\tleft: 50%;\n\tmargin-left: -8px;\n\ttop: 50%;\n\tmargin-top: -8px;\n}\n.ui-datepicker .ui-datepicker-title {\n\tmargin: 0 2.3em;\n\tline-height: 1.8em;\n\ttext-align: center;\n}\n.ui-datepicker .ui-datepicker-title select {\n\tfont-size: 1em;\n\tmargin: 1px 0;\n}\n.ui-datepicker select.ui-datepicker-month,\n.ui-datepicker select.ui-datepicker-year {\n\twidth: 45%;\n}\n.ui-datepicker table {\n\twidth: 100%;\n\tfont-size: .9em;\n\tborder-collapse: collapse;\n\tmargin: 0 0 .4em;\n}\n.ui-datepicker-week-end,\n.ui-datepicker th {\n\tpadding: .7em .3em;\n\ttext-align: center;\n\tfont-weight: bold;\n\tcolor: #000000;\n\tborder: 0;\n}\n.ui-datepicker td {\n\tborder: 0;\n\tpadding: 1px;\n}\n.ui-datepicker td span,\n.ui-datepicker td a {\n\tdisplay: block;\n\tpadding: .2em;\n\ttext-align: right;\n\ttext-decoration: none;\n}\n.ui-datepicker .ui-datepicker-buttonpane {\n\tbackground-image: none;\n\tmargin: .7em 0 0 0;\n\tpadding: 0 .2em;\n\tborder-left: 0;\n\tborder-right: 0;\n\tborder-bottom: 0;\n}\n.ui-datepicker .ui-datepicker-buttonpane button {\n\tfloat: right;\n\tmargin: .5em .2em .4em;\n\tcursor: pointer;\n\tpadding: .2em .6em .3em .6em;\n\twidth: auto;\n\toverflow: visible;\n}\n.ui-datepicker .ui-datepicker-buttonpane button.ui-datepicker-current {\n\tfloat: left;\n}\n\n\n\/* icon support *\/\n.ui-menu-icons {\n     position: relative;\n}\n.ui-menu-icons .ui-menu-item {\n     padding-left: 2em;\n}\n\n\/* left-aligned *\/\n.ui-menu .ui-icon {\n     position: absolute;\n     top: 0;\n     bottom: 0;\n     left: .2em;\n     margin: auto 0;\n}\n\n\/* right-aligned *\/\n.ui-menu .ui-menu-icon {\n     left: auto;\n     right: 0;\n}\n\n\/* Component containers\n----------------------------------*\/\n.ui-widget {\n     font-family: Arial,Helvetica,Geneva; \/*FONTCAL*\/\n}\n.ui-widget .ui-widget {\n     font-size: 1em;\n}\n.ui-widget input,\n.ui-widget select,\n.ui-widget textarea,\n.ui-widget button {\n     font-family: Arial,Helvetica,Geneva; \/*FONTCAL*\/\n     font-size: 1em;\n}\n.ui-widget-content {\n     border: 1px solid #000000; \/*BORDERCAL*\/\n     background: #EEEEEE; \/*BGCAL*\/\n     color: #000000; \/*TEXTCAL*\/\n}\n\n.ui-widget-header {\n     border: 1px solid #000000;\n     background: #CCCCCC;\/*BGHEADINGCAL*\/\n     color: #000000;\n     font-weight: normal;\n}\n\n\n\/* Interaction states\n----------------------------------*\/\n.ui-state-default,\n.ui-widget-content .ui-state-default,\n.ui-widget-header .ui-state-default {\n     border: 1px solid #000000; \/*FONTCAL*\/\n     background: #B6CDE9; \/*BGDAYCAL*\/\n     font-weight: normal;\n     color: #000000;\/*TEXTCAL*\/\n}\n\n\/* Misc visuals\n----------------------------------*\/\n\n\/* Corner radius *\/\n.ui-corner-all,\n.ui-corner-top,\n.ui-corner-left,\n.ui-corner-tl {\n     border-top-left-radius: 4px;\n}\n.ui-corner-all,\n.ui-corner-top,\n.ui-corner-right,\n.ui-corner-tr {\n     border-top-right-radius: 4px;\n}\n.ui-corner-all,\n.ui-corner-bottom,\n.ui-corner-left,\n.ui-corner-bl {\n     border-bottom-left-radius: 4px;\n}\n.ui-corner-all,\n.ui-corner-bottom,\n.ui-corner-right,\n.ui-corner-br {\n     border-bottom-right-radius: 4px;\n}\n\n\/* Icons\n----------------------------------*\/\n\n\/* states and images *\/\n.ui-icon {\n     width: 16px;\n     height: 16px;\n}\n.ui-icon,\n.ui-widget-content .ui-icon {\n     background-image: url(\"https:\/\/code.jquery.com\/ui\/1.11.2\/themes\/smoothness\/images\/ui-icons_222222_256x240.png\");\n}\n.ui-widget-header .ui-icon {\n     background-image: url(\"https:\/\/code.jquery.com\/ui\/1.11.2\/themes\/smoothness\/images\/ui-icons_222222_256x240.png\");\n}\n\n.ui-state-hover .ui-icon,\n.ui-state-focus .ui-icon {\n     background-image: url(\"https:\/\/code.jquery.com\/ui\/1.11.2\/themes\/smoothness\/images\/ui-icons_454545_256x240.png\");\n}\n.ui-state-active .ui-icon {\n     background-image: url(\"https:\/\/code.jquery.com\/ui\/1.11.2\/themes\/smoothness\/images\/ui-icons_454545_256x240.png\");\n}\n\n\/* positioning *\/\n.ui-icon-circle-triangle-e { background-position: -48px -192px; }\n.ui-icon-circle-triangle-w { background-position: -80px -192px; }\n\n.ui-state-hover,\n.ui-widget-content .ui-state-hover,\n.ui-widget-header .ui-state-hover,\n.ui-state-focus,\n.ui-widget-content .ui-state-focus,\n.ui-widget-header .ui-state-focus {\n\t\/*border: 1px solid #999999;*\/\n\tborder: 1px solid #000000;\n\n\tfont-weight: normal;\n\tcolor: #212121;\n}\n\ndiv.ui-datepicker{\n\tfont-family: Arial,Helvetica,Geneva;\n\tfont-size:10px;\n}\n\n\n.captcha \n{ \n  width: 20%; \n  display: inline; \n}\n\n.form-control \n{\n  border-radius: 2px;\n  margin-bottom: 5px;\n  background-color: #FFFFFF;\n}\n\n.textend \n{\n  margin-top: 15px;\n  margin-bottom: 15px;\n}\n\n.checkbox {\n\tmargin-top: 0px;\n}\n\n.radio {\n\tmargin-top: 0px;\n}\n\n.zwtext{\n  margin-top: 10px;\n  margin-bottom: 10px;\n}\n\n.input-file {\n  border-width: 0px;\n  background-color: transparent;\n}\n\n\n\n-->\n<\/style>\n<p><!-- DAFORMJSBEGIN -->&nbsp;<\/p>\n<p><!-- JSCAPTCHAREFRESH --><script type=\"text\/javascript\">\n<!--\n  \/**\n  * Gibt den Cookie zum \u00fcbergebenen Namen zur\u00fcck, sofern vorhanden\n  * ansonsten wird ein leerer String zur\u00fcck gegeben\n  *\/\n  function GetCookie(cookie_name)\n  {\n    if (document.cookie.length>0)\n      {\n      cookie_start=document.cookie.indexOf(cookie_name + \"=\");\n      if (cookie_start!=-1)\n        { \n        cookie_start=cookie_start + cookie_name.length+1; \n        cookie_end=document.cookie.indexOf(\";\",cookie_start);\n        if (cookie_end==-1) cookie_end=document.cookie.length;\n        return unescape(document.cookie.substring(cookie_start,cookie_end));\n        } \n      }\n    return \"\";\n  }\n  \n  \/**\n  * Setzt die Cookiewerte im Formular\n  *\/\n  function SetCookieValues()\n  {\n\n  }\n\n\n  \/**\n  * Liest die Informationen aus dem Formular und speichert diese    \n  *\/\n  function SetCookies()\n  {\n      \n  }\n  \n\/\/-->\n<\/script><script type=\"text\/javascript\">\n<!--\n  function str_replace(search, replace, subject) {\n    return subject.split(search).join(replace);\n  }\n\/\/-->\n<\/script><script type=\"text\/javascript\">\n<!--\nfunction chkFormular()\n{\nif(document.DAFORM.Name.value.trim() == \"\")  {\nalert(\"Bitte geben Sie einen Wert in das Feld Vor - und Zuname ein!\");\ndocument.DAFORM.Name.focus();\nreturn false;\n}\n\nif(!document.DAFORM.Email.value.match(\/^[A-Z0-9._%-]+@[A-Z0-9.-]+\\.[A-Z]{2,6}$\/i))  {\nalert(\"Bitte geben Sie einen Wert in das Feld Email ein!\");\ndocument.DAFORM.Email.focus();\nreturn false;\n}\n\nif(document.DAFORM.Anreise.value == \"\")  {\nalert(\" Anreise \");\ndocument.DAFORM.Anreise.focus();\nreturn false;\n}\n\nif(document.DAFORM.Abreise.value == \"\")  {\nalert(\" Abreise \");\ndocument.DAFORM.Abreise.focus();\nreturn false;\n}\n\nif (document.DAFORM.Unterkunft.selectedIndex < 1)\n{\nalert(\"Bitte w\u00e4hlen Sie etwas im Feld Unterkunft aus!\");\ndocument.DAFORM.Unterkunft.focus();\nreturn (false);\n}\n\nif (document.DAFORM.Erwachsene.selectedIndex < 1)\n{\nalert(\"Bitte w\u00e4hlen Sie etwas im Feld Erwachsene aus!\");\ndocument.DAFORM.Erwachsene.focus();\nreturn (false);\n}\n\nif (document.DAFORM.Kinder.selectedIndex < 1)\n{\nalert(\"Bitte w\u00e4hlen Sie etwas im Feld Kinder aus!\");\ndocument.DAFORM.Kinder.focus();\nreturn (false);\n}\n\n return(true); }\n\/\/-->\n<\/script><\/p>\n<p><!-- DAFORMJSEND --><\/p>\n<div class=\"container mainContainer\" style=\"width: 80%;\"><!-- FORMTITLE_BEGIN --><\/p>\n<div class=\"row\">\n<div class=\"col-md-12\">\n<h1>Booking<\/h1>\n<\/div>\n<\/div>\n<p><!-- FORMTITLE_END --> <!-- EINLEITUNGTEXT_BEGIN --><\/p>\n<div class=\"row\">\n<div class=\"col-md-12\">\n<p class=\"textend\">Mit diesem Formular k\u00f6nnen Sie mit uns Kontakt aufnehmen.<\/p>\n<\/div>\n<\/div>\n<p><!-- EINLEITUNGTEXT_END --><\/p>\n<form action=\"http:\/\/www.ekiwi-scripts.de\/form\/v32\/formmail.php\" enctype=\"multipart\/form-data\" method=\"POST\" name=\"DAFORM\" target=\"_self\">\n<div class=\"form-group\"><input name=\"formid\" type=\"hidden\" value=\"2690805\" \/> <input name=\"settings\" type=\"hidden\" value=\"cXZ7ZHI=\" \/> <input name=\"redirect\" type=\"hidden\" value=\"http:\/\/www.ekiwi.de\/form\/danke.htm\" \/> <input name=\"subject\" type=\"hidden\" value=\"Buchung\" \/> <input name=\"admin\" type=\"hidden\" value=\"fXZ5V312eWF4OXNy\" \/> <input name=\"admin1\" type=\"hidden\" value=\"\" \/> <input name=\"admin2\" type=\"hidden\" value=\"\" \/> <input name=\"typemail\" type=\"hidden\" value=\"html\" \/> <input name=\"crypt\" type=\"hidden\" value=\"1\" \/> <input name=\"einleittext\" type=\"hidden\" value=\"\" \/> <input name=\"copyfields\" type=\"hidden\" value=\"-1\" \/> <input name=\"copyip\" type=\"hidden\" value=\"-1\" \/> <input name=\"hide_empty_fields\" type=\"hidden\" value=\"0\" \/> <input name=\"settings_encoding\" type=\"hidden\" value=\"utf-8\" \/> <input name=\"ReturnToSender\" type=\"hidden\" value=\"0\" \/><\/p>\n<div class=\"row\">\n<div class=\"col-md-2\"><label class=\"control-label\" for=\"Name\">Vor &#8211; und Zuname<\/label><\/div>\n<div class=\"col-md-10\"><input id=\"Name\" class=\"form-control\" maxlength=\"100\" name=\"Name\" type=\"text\" value=\"\" \/><\/div>\n<\/div>\n<div class=\"row\">\n<div class=\"col-md-2\"><label class=\"control-label\" for=\"Email\">Email<\/label><\/div>\n<div class=\"col-md-10\"><input id=\"Email\" class=\"form-control\" maxlength=\"100\" name=\"Email\" type=\"text\" value=\"\" \/><\/div>\n<\/div>\n<div class=\"row\">\n<div class=\"col-md-2\"><\/div>\n<div class=\"col-md-10 zwtext\"><\/div>\n<\/div>\n<div class=\"row\">\n<div class=\"col-md-2\"><label class=\"control-label\" for=\"Anreise\">Anreise<\/label><\/div>\n<div class=\"col-md-10\"><input id=\"Anreise\" class=\"form-control\" name=\"Anreise\" type=\"text\" value=\"\" \/><\/div>\n<\/div>\n<div class=\"row\">\n<div class=\"col-md-2\"><label class=\"control-label\" for=\"Abreise\">Abreise<\/label><\/div>\n<div class=\"col-md-10\"><input id=\"Abreise\" class=\"form-control\" name=\"Abreise\" type=\"text\" value=\"\" \/><\/div>\n<\/div>\n<div class=\"row\">\n<div class=\"col-md-2\"><\/div>\n<div class=\"col-md-10 zwtext\"><\/div>\n<\/div>\n<div class=\"row\">\n<div class=\"col-md-2\"><label class=\"control-label\" for=\"Unterkunft\">Unterkunft<\/label><\/div>\n<div class=\"col-md-10\"><select id=\"Unterkunft\" class=\"form-control\" name=\"Unterkunft\" size=\"1\"><option>*<\/option><option>Villa<\/option><option>Apartement 1<\/option><option>Apartement 2<\/option><option>Apartement 3<\/option><option>Apartement 4<\/option><\/select><\/div>\n<\/div>\n<div class=\"row\">\n<div class=\"col-md-2\"><label class=\"control-label\" for=\"Erwachsene\">Erwachsene<\/label><\/div>\n<div class=\"col-md-10\"><select id=\"Erwachsene\" class=\"form-control\" name=\"Erwachsene\" size=\"1\"><option>*<\/option><option>1<\/option><option>2<\/option><option>3<\/option><option>4<\/option><option>5<\/option><option>6<\/option><option>7<\/option><option>8<\/option><option>9<\/option><option>10<\/option><option>11<\/option><option>12<\/option><option>13<\/option><option>14<\/option><option>15<\/option><option>16<\/option><option>17<\/option><option>18<\/option><option>19<\/option><option>20<\/option><\/select><\/div>\n<\/div>\n<div class=\"row\">\n<div class=\"col-md-2\"><label class=\"control-label\" for=\"Kinder\">Kinder<\/label><\/div>\n<div class=\"col-md-10\"><select id=\"Kinder\" class=\"form-control\" name=\"Kinder\" size=\"1\"><option>*<\/option><option>1<\/option><option>2<\/option><option>3<\/option><option>4<\/option><option>5<\/option><option>6<\/option><option>7<\/option><option>8<\/option><option>9<\/option><option>10<\/option><\/select><\/div>\n<\/div>\n<div class=\"row\">\n<div class=\"col-md-2\"><\/div>\n<div class=\"col-md-10 zwtext\"><\/div>\n<\/div>\n<div class=\"row\">\n<div class=\"col-md-2\"><label class=\"control-label\" for=\"Bettwaesche\">Bettwaesche<\/label><\/div>\n<div class=\"col-md-10\"><select id=\"Bettwaesche\" class=\"form-control\" name=\"Bettwaesche\" size=\"1\"><option>*<\/option><option>Ja<\/option><option>Nein<\/option><\/select><\/div>\n<\/div>\n<p><!-- CAPTCHA --><\/p>\n<div class=\"row\">\n<div class=\"col-md-12\">\n<p class=\"textend\">\n<\/div>\n<\/div>\n<hr \/>\n<div class=\"form-group\">\n<div class=\"col-md-offset-2 col-md-10\"><button class=\"btn btn-success\" type=\"submit\">Absenden<\/button> <button class=\"btn btn-danger\" type=\"reset\">Zur\u00fccksetzen<\/button> <button class=\"btn btn-print\" type=\"button\">Drucken<\/button><\/div>\n<\/div>\n<\/div>\n<p><!-- END form-group --><\/form>\n<p><script src=\"http:\/\/netdna.bootstrapcdn.com\/bootstrap\/3.1.1\/js\/bootstrap.min.js\"><\/script><\/div>\n","protected":false},"excerpt":{"rendered":"<p>Details 10 Kw\/h Strom inklusive. Danach 0,35\u20ac pro Kw\/h Es ist erforderlich, bei Anreise eine Kaution in H\u00f6he von 200 Euro in<\/p>\n<p class=\"link-more\"><a class=\"myButt \" href=\"https:\/\/www.villa-romeo.de\/index.php\/booking\/\">Read More<\/a><\/p>\n","protected":false},"author":1,"featured_media":0,"parent":0,"menu_order":6,"comment_status":"closed","ping_status":"closed","template":"","meta":{"footnotes":""},"class_list":["post-49","page","type-page","status-publish","hentry"],"_links":{"self":[{"href":"https:\/\/www.villa-romeo.de\/index.php\/wp-json\/wp\/v2\/pages\/49","targetHints":{"allow":["GET"]}}],"collection":[{"href":"https:\/\/www.villa-romeo.de\/index.php\/wp-json\/wp\/v2\/pages"}],"about":[{"href":"https:\/\/www.villa-romeo.de\/index.php\/wp-json\/wp\/v2\/types\/page"}],"author":[{"embeddable":true,"href":"https:\/\/www.villa-romeo.de\/index.php\/wp-json\/wp\/v2\/users\/1"}],"replies":[{"embeddable":true,"href":"https:\/\/www.villa-romeo.de\/index.php\/wp-json\/wp\/v2\/comments?post=49"}],"version-history":[{"count":9,"href":"https:\/\/www.villa-romeo.de\/index.php\/wp-json\/wp\/v2\/pages\/49\/revisions"}],"predecessor-version":[{"id":319,"href":"https:\/\/www.villa-romeo.de\/index.php\/wp-json\/wp\/v2\/pages\/49\/revisions\/319"}],"wp:attachment":[{"href":"https:\/\/www.villa-romeo.de\/index.php\/wp-json\/wp\/v2\/media?parent=49"}],"curies":[{"name":"wp","href":"https:\/\/api.w.org\/{rel}","templated":true}]}}