{"id":157,"date":"2021-07-24T16:53:24","date_gmt":"2021-07-24T16:53:24","guid":{"rendered":"https:\/\/www.villa-romeo.de\/?page_id=157"},"modified":"2021-07-27T06:26:08","modified_gmt":"2021-07-27T06:26:08","slug":"appartement-2","status":"publish","type":"page","link":"https:\/\/www.villa-romeo.de\/index.php\/galerie\/appartement-2\/","title":{"rendered":"Apartement 2"},"content":{"rendered":"<p>Treten Sie ein in unser Apartment 2!<br \/>\nEin heller feundlicher Wohnbereich mit einem gro\u00dfen, gem\u00fctlichen Ecksofa und einem 55 Zoll Fernseher und ein E\u00dfbereich erwartet Sie hier. Die amerikanische K\u00fcche ist komplett ausgestattet. K\u00fchl- Gefrierkombination, Gaskochfeld, Backofen, Mikrowelle, Kaffeemaschiene und Toaster.<br \/>\n2 Schlafzimmer mit Boxspringbetten eines 2 x 2 m und eines 1,60 x 2m. In einem Schlafzimmer gibt es ein zus\u00e4tzliches Klappbett . Beide Schlafzimmer haben TV!<br \/>\nIm Badezimmer haben Sie in diesem Apartment eine Dusch-\/ Badewannenkombination. Waschmaschiene, Haartrockner, Kosmetikspiegel und Pflegeprodukte sind hier vorhanden.<br \/>\nNat\u00fcrlich ist die Wohnung klimatisiert. WIFI vorhanden!<br \/>\nMaximale Belegung: 5 Personen<br \/>\nHandt\u00fccher und Bettw\u00e4sche kann auf Wunsch angemietet werden. Private Terrasse mit Grill und Meerblick!<\/p>\n<p>Step into our Apartment 2!<br \/>\nA bright, friendly living area with a large, comfortable corner sofa and a 55 inch TV and a dining area awaits you here. The American kitchen is fully equipped. Fridge-freezer combination, gas hob, oven, microwave, coffee maker and toaster.<br \/>\n2 bedrooms with box spring beds one 2 x 2 m and one 1.60 x 2 m. There is an additional fold-away bed in one of the bedrooms. Both bedrooms have TV!<br \/>\nIn this apartment you have a shower \/ bathtub combination in the bathroom. Washing machine, hairdryer, cosmetic mirror and care products are available here.<br \/>\nOf course the apartment is air-conditioned. WIFI available! <span class=\"Y2IQFc\" lang=\"en\">Private terrace with barbecue and sea views!<\/span><br \/>\nMaximum occupancy: 5 people<br \/>\nTowels and bed linen can be rented on request.<\/p>\n<p>\u00a1Ingrese a nuestro apartamento 2!<br \/>\nUna sala de estar luminosa y agradable con un sof\u00e1 de esquina grande y c\u00f3modo y un televisor de 55 pulgadas y un comedor le espera aqu\u00ed. La cocina americana est\u00e1 totalmente equipada. Combinaci\u00f3n de frigor\u00edfico-congelador, encimera de gas, horno, microondas, cafetera y tostadora.<br \/>\n2 dormitorios con camas con somier, uno de 2 x 2 my otro de 1,60 x 2 m. Hay una cama plegable adicional en uno de los dormitorios. \u00a1Ambos dormitorios tienen TV!<br \/>\nEn este apartamento tiene una combinaci\u00f3n de ducha \/ ba\u00f1era en el ba\u00f1o. Lavadora, secador de pelo, espejo de aumento y productos para el cuidado est\u00e1n disponibles aqu\u00ed.<br \/>\nPor supuesto, el apartamento tiene aire acondicionado. WIFI disponible! <span class=\"Y2IQFc\" lang=\"es\">Terraza privada con barbacoa y vistas al mar!<\/span><br \/>\nOcupaci\u00f3n m\u00e1xima: 5 personas<br \/>\nLas toallas y la ropa de cama se pueden alquilar bajo petici\u00f3n.<\/p>\n<p>&nbsp;<\/p>\n<p>130\u20ac pro Tag \/ per day \/ por dia<\/p>\n<p>Mindestmietzeit 5 Tage \/ Minimum rental period 5 days \/ Periodo m\u00ednimo de alquiler 5 diasEndreinigung 100\u20ac \/ Final cleaning 100\u20ac \/ Limpieza final 100\u20ac<\/p>\n<style type=\"text\/css\">\n#foogallery-gallery-123.fg-simple_portfolio { justify-content: center; --fg-gutter: 5px; }\n#foogallery-gallery-123.fg-simple_portfolio .fg-item { flex-basis: 250px; }<\/style>\n\t\t\t<div class=\"foogallery foogallery-container foogallery-simple_portfolio foogallery-lightbox-foobox fg-simple_portfolio fg-ready fg-dark fg-border-thin fg-shadow-outline fg-loading-default fg-loaded-fade-in fg-caption-always fg-hover-fade fg-hover-zoom fg-caption-always\" id=\"foogallery-gallery-123\" data-foogallery=\"{&quot;item&quot;:{&quot;showCaptionTitle&quot;:true,&quot;showCaptionDescription&quot;:true},&quot;lazy&quot;:true}\" style=\"--fg-title-line-clamp: 0; --fg-description-line-clamp: 0;\" >\n\t<div class=\"fg-item fg-type-image fg-idle\"><figure class=\"fg-item-inner\"><a href=\"https:\/\/www.villa-romeo.de\/wp-content\/uploads\/2021\/07\/Romeo-A2_4.jpeg\" data-attachment-id=\"127\" class=\"foogallery-thumb fg-thumb\" data-type=\"image\"><span class=\"fg-image-wrap\"><img fetchpriority=\"high\" decoding=\"async\" class=\"bf-img skip-lazy fg-image\" height=\"200\" width=\"250\" data-src-fg=\"https:\/\/www.villa-romeo.de\/wp-content\/uploads\/cache\/2021\/07\/Romeo-A2_4\/238534523.jpeg\" src=\"data:image\/svg+xml,%3Csvg%20xmlns%3D%22http%3A%2F%2Fwww.w3.org%2F2000%2Fsvg%22%20width%3D%22250%22%20height%3D%22200%22%20viewBox%3D%220%200%20250%20200%22%3E%3C%2Fsvg%3E\" loading=\"eager\"><\/span><span class=\"fg-image-overlay\"><\/span><\/a><\/figure><div class=\"fg-loader\"><\/div><\/div><div class=\"fg-item fg-type-image fg-idle\"><figure class=\"fg-item-inner\"><a href=\"https:\/\/www.villa-romeo.de\/wp-content\/uploads\/2021\/07\/Romeo-A2_5.jpeg\" data-attachment-id=\"128\" class=\"foogallery-thumb fg-thumb\" data-type=\"image\"><span class=\"fg-image-wrap\"><img decoding=\"async\" class=\"bf-img skip-lazy fg-image\" height=\"200\" width=\"250\" data-src-fg=\"https:\/\/www.villa-romeo.de\/wp-content\/uploads\/cache\/2021\/07\/Romeo-A2_5\/2221056012.jpeg\" src=\"data:image\/svg+xml,%3Csvg%20xmlns%3D%22http%3A%2F%2Fwww.w3.org%2F2000%2Fsvg%22%20width%3D%22250%22%20height%3D%22200%22%20viewBox%3D%220%200%20250%20200%22%3E%3C%2Fsvg%3E\" loading=\"eager\"><\/span><span class=\"fg-image-overlay\"><\/span><\/a><\/figure><div class=\"fg-loader\"><\/div><\/div><div class=\"fg-item fg-type-image fg-idle\"><figure class=\"fg-item-inner\"><a href=\"https:\/\/www.villa-romeo.de\/wp-content\/uploads\/2021\/07\/Romeo-A2_3.jpeg\" data-attachment-id=\"126\" class=\"foogallery-thumb fg-thumb\" data-type=\"image\"><span class=\"fg-image-wrap\"><img decoding=\"async\" class=\"bf-img skip-lazy fg-image\" height=\"200\" width=\"250\" data-src-fg=\"https:\/\/www.villa-romeo.de\/wp-content\/uploads\/cache\/2021\/07\/Romeo-A2_3\/951922120.jpeg\" src=\"data:image\/svg+xml,%3Csvg%20xmlns%3D%22http%3A%2F%2Fwww.w3.org%2F2000%2Fsvg%22%20width%3D%22250%22%20height%3D%22200%22%20viewBox%3D%220%200%20250%20200%22%3E%3C%2Fsvg%3E\" loading=\"eager\"><\/span><span class=\"fg-image-overlay\"><\/span><\/a><\/figure><div class=\"fg-loader\"><\/div><\/div><div class=\"fg-item fg-type-image fg-idle\"><figure class=\"fg-item-inner\"><a href=\"https:\/\/www.villa-romeo.de\/wp-content\/uploads\/2021\/07\/Romeo-A2_1.jpeg\" data-attachment-id=\"124\" class=\"foogallery-thumb fg-thumb\" data-type=\"image\"><span class=\"fg-image-wrap\"><img decoding=\"async\" class=\"bf-img skip-lazy fg-image\" height=\"200\" width=\"250\" data-src-fg=\"https:\/\/www.villa-romeo.de\/wp-content\/uploads\/cache\/2021\/07\/Romeo-A2_1\/3013409722.jpeg\" src=\"data:image\/svg+xml,%3Csvg%20xmlns%3D%22http%3A%2F%2Fwww.w3.org%2F2000%2Fsvg%22%20width%3D%22250%22%20height%3D%22200%22%20viewBox%3D%220%200%20250%20200%22%3E%3C%2Fsvg%3E\" loading=\"eager\"><\/span><span class=\"fg-image-overlay\"><\/span><\/a><\/figure><div class=\"fg-loader\"><\/div><\/div><div class=\"fg-item fg-type-image fg-idle\"><figure class=\"fg-item-inner\"><a href=\"https:\/\/www.villa-romeo.de\/wp-content\/uploads\/2021\/07\/Romeo-A2_2.jpeg\" data-attachment-id=\"125\" class=\"foogallery-thumb fg-thumb\" data-type=\"image\"><span class=\"fg-image-wrap\"><img decoding=\"async\" class=\"bf-img skip-lazy fg-image\" height=\"200\" width=\"250\" data-src-fg=\"https:\/\/www.villa-romeo.de\/wp-content\/uploads\/cache\/2021\/07\/Romeo-A2_2\/3640276997.jpeg\" src=\"data:image\/svg+xml,%3Csvg%20xmlns%3D%22http%3A%2F%2Fwww.w3.org%2F2000%2Fsvg%22%20width%3D%22250%22%20height%3D%22200%22%20viewBox%3D%220%200%20250%20200%22%3E%3C%2Fsvg%3E\" loading=\"eager\"><\/span><span class=\"fg-image-overlay\"><\/span><\/a><\/figure><div class=\"fg-loader\"><\/div><\/div><\/div>\n","protected":false},"excerpt":{"rendered":"<p>Treten Sie ein in unser Apartment 2! Ein heller feundlicher Wohnbereich mit einem gro\u00dfen, gem\u00fctlichen Ecksofa und einem 55 Zoll Fernseher und<\/p>\n<p class=\"link-more\"><a class=\"myButt \" href=\"https:\/\/www.villa-romeo.de\/index.php\/galerie\/appartement-2\/\">Read More<\/a><\/p>\n","protected":false},"author":1,"featured_media":0,"parent":47,"menu_order":1,"comment_status":"closed","ping_status":"closed","template":"","meta":{"footnotes":""},"class_list":["post-157","page","type-page","status-publish","hentry"],"_links":{"self":[{"href":"https:\/\/www.villa-romeo.de\/index.php\/wp-json\/wp\/v2\/pages\/157","targetHints":{"allow":["GET"]}}],"collection":[{"href":"https:\/\/www.villa-romeo.de\/index.php\/wp-json\/wp\/v2\/pages"}],"about":[{"href":"https:\/\/www.villa-romeo.de\/index.php\/wp-json\/wp\/v2\/types\/page"}],"author":[{"embeddable":true,"href":"https:\/\/www.villa-romeo.de\/index.php\/wp-json\/wp\/v2\/users\/1"}],"replies":[{"embeddable":true,"href":"https:\/\/www.villa-romeo.de\/index.php\/wp-json\/wp\/v2\/comments?post=157"}],"version-history":[{"count":3,"href":"https:\/\/www.villa-romeo.de\/index.php\/wp-json\/wp\/v2\/pages\/157\/revisions"}],"predecessor-version":[{"id":259,"href":"https:\/\/www.villa-romeo.de\/index.php\/wp-json\/wp\/v2\/pages\/157\/revisions\/259"}],"up":[{"embeddable":true,"href":"https:\/\/www.villa-romeo.de\/index.php\/wp-json\/wp\/v2\/pages\/47"}],"wp:attachment":[{"href":"https:\/\/www.villa-romeo.de\/index.php\/wp-json\/wp\/v2\/media?parent=157"}],"curies":[{"name":"wp","href":"https:\/\/api.w.org\/{rel}","templated":true}]}}